{"id":84,"date":"2024-03-22T15:04:55","date_gmt":"2024-03-22T14:04:55","guid":{"rendered":"https:\/\/egyptologica.be\/?page_id=84"},"modified":"2024-03-23T18:03:56","modified_gmt":"2024-03-23T17:03:56","slug":"liens","status":"publish","type":"page","link":"https:\/\/egyptologica.be\/index.php\/liens\/","title":{"rendered":"Liens"},"content":{"rendered":"\n<h5 class=\"wp-block-heading\"><strong>Centres universitaires, soci\u00e9t\u00e9s acad\u00e9miques, mus\u00e9es<\/strong><\/h5>\n\n\n\n<p>Institut fran\u00e7ais d&rsquo;arch\u00e9ologie orientale du Caire: <a href=\"https:\/\/www.ifao.egnet.net\/\">IFAO<\/a>.<\/p>\n\n\n\n<p><a href=\"https:\/\/www.kheops-egyptologie.fr\/\">Institut KHEOPS<\/a> : Kheops \u00e9gyptologie vous propose des cours, des publications et un CD-Rom pour apprendre les hi\u00e9roglyphes.<\/p>\n\n\n\n<p>Site d\u00e9di\u00e9 aux recherches effectu\u00e9es \u00e0 <a href=\"https:\/\/interactive.archaeology.org\/hierakonpolis\/\">Hierakonpolis<\/a>.<\/p>\n\n\n\n<p><a href=\"https:\/\/www.egyptpro.sci.waseda.ac.jp\/e-outline.html\">Waseda University Egyptian Expedition<\/a> &#8211; Institute of Egyptology.<\/p>\n\n\n\n<p><a href=\"https:\/\/www.ees.ac.uk\/\">Egypt Exploration Society<\/a>.<\/p>\n\n\n\n<p>The American Research Center in Egypt &#8211; <a href=\"https:\/\/arce.org\/about-us\/\">ARCE<\/a>.<\/p>\n\n\n\n<p><a href=\"http:\/\/www.cfeetk.cnrs.fr\/\">Centre Franco-\u00c9gyptien d&rsquo;\u00c9tude des Temples de Karnak<\/a>.<\/p>\n\n\n\n<p><a href=\"https:\/\/www.ephe.psl.eu\/mission-francaise-des-fouilles-de-tanis-mfft\">Mission fran\u00e7aise des fouilles de Tanis<\/a> (MFFT).<\/p>\n\n\n\n<p>The <a href=\"https:\/\/pages.jh.edu\/egypttoday\/\">Johns Hopkins University <\/a>&#8211; professeur Betsy Bryan &#8211; un site consacr\u00e9 au fouilles de cette mission dans le temple de Mout \u00e0 Louxor.<\/p>\n\n\n\n<p><a href=\"https:\/\/www.cealex.org\/\">Centre d&rsquo;Etudes Alexandrines<\/a> : le site consacr\u00e9 aux fouilles faites par Jean-Yves Empereur.<\/p>\n\n\n\n<p><a href=\"https:\/\/thebanmappingproject.com\/\">Theban Mapping Project <\/a>: un v\u00e9ritable outil de recherche sur tout ce qui concerne la Vall\u00e9e des Rois.<\/p>\n\n\n\n<p><a href=\"https:\/\/collections.louvre.fr\/recherche\">Atlas<\/a> : une base de donn\u00e9es des pi\u00e8ces du mus\u00e9e du Louvre.<\/p>\n\n\n\n<p>The <a href=\"https:\/\/www.ucl.ac.uk\/culture\/petrie-museum\">Petrie Museum<\/a> of Egyptian archaeology.<\/p>\n\n\n\n<p><a href=\"https:\/\/dem-online.gwi.uni-muenchen.de\/\">Deir el Medineh on-line<\/a> &#8211; un site sur les ostracas de Deir el Medineh.<\/p>\n\n\n\n<p><a href=\"https:\/\/www.arts.kuleuven.be\/dayr-al-barsha\/\" target=\"_blank\" rel=\"noreferrer noopener\">Dayr al-Bersha<\/a> par le Professeur Harco Willems (KULeuven).<\/p>\n\n\n\n<p><a href=\"https:\/\/piccionep.people.cofc.edu\/t2p2\/index.html#brochure\">Theban Tombs Publication Project<\/a> : The Tombs of Ahmose (no. 121) and R\u00e2y (no. 72).<\/p>\n\n\n\n<p><a href=\"http:\/\/www.griffith.ox.ac.uk\/discoveringtut\/\">Tutankhamun<\/a>: Anatomy of an Excavation, Griffith Institute, Ashmolean Museum, Oxford , une base de donn\u00e9es concernant tous les objets d\u00e9couverts dans la tombe de Toutankhamon.<\/p>\n\n\n\n<p>Un site magnifique sur le <a href=\"https:\/\/archeologie.culture.gouv.fr\/akhethetep\/fr\">mastaba d&rsquo;Akhethetep<\/a>.<\/p>\n\n\n\n<p><a href=\"https:\/\/etana.org\/abzubib\">Abzu<\/a>: Guide to Resources for the Study of the Ancient Near East Available on the Internet et ETANA &#8211; Electronic tools and Ancient Near Eastern Archives.<\/p>\n\n\n\n<h5 class=\"wp-block-heading\"><strong>Sites amis<\/strong><\/h5>\n\n\n\n<p><a href=\"https:\/\/www.egyptologica-vlaanderen.be\/\">Egyptologica Vlaanderen<\/a><\/p>\n\n\n\n<p><a href=\"https:\/\/jeancapart.org\/\">Fonds Jean Capart<\/a>: l&rsquo;oeuvre du fondateur de l&rsquo;\u00e9gyptologie belge.<\/p>\n\n\n\n<p>Une association belge, <a href=\"http:\/\/www.ptah-hotep.be\">Ptah Hotep<\/a> .<\/p>\n\n\n\n<p><a href=\"https:\/\/osirisnet.net\/centrale.htm\">Osiris Net<\/a> : un site sur l&rsquo;Egypte Ancienne essentiellement consacr\u00e9 aux tombes et mastabas de l&rsquo;\u00c9gypte Ancienne.<\/p>\n\n\n\n<p>6742 caract\u00e8res hi\u00e9roglyphiques : un site o\u00f9 vous pourrez trouver tous les renseignements que vous d\u00e9sirez sur les <a href=\"https:\/\/hieroglyphes.pagesperso-orange.fr\/\">hi\u00e9roglyphes<\/a>. Tr\u00e8s int\u00e9ressant pour ceux qui travaillent avec Wynglyph.<\/p>\n\n\n\n<p>Association <a href=\"http:\/\/www.association-papyrus.com\/\">Papyrus<\/a> &#8211; Association Loi 1901 pour la promotion de l&rsquo;art et du patrimoine de l&rsquo;Egypte. Cours, conf\u00e9rences, cycles th\u00e9matiques par des \u00e9gyptologues professionnels.<\/p>\n\n\n\n<p>Un site sur <a href=\"http:\/\/sethy1.free.fr\/\">Sethy I<\/a> et r\u00e9alis\u00e9 par un passionn\u00e9 de ce pharaon.<\/p>\n\n\n\n<p><a href=\"http:\/\/gerard.homann.free.fr\/\">Reconstitutions 3D<\/a> et maquettes de temples \u00e9gyptiens.<\/p>\n\n\n\n<p><a href=\"http:\/\/photosegypte.com\/\">Photos \u00c9gypte<\/a>, le site d&rsquo;Alain Guilleux: \u00ab\u00a0plus de 20 ans et 9000 photographies de l&rsquo;\u00c9gypte antique prises en \u00c9gypte et dans les collections \u00e9gyptiennes des mus\u00e9es\u00a0\u00bb.<\/p>\n\n\n\n<h5 class=\"wp-block-heading\"><strong>Divers<\/strong><\/h5>\n\n\n\n<p><a href=\"http:\/\/www.thotweb.com\/\">Thotweb<\/a>, un v\u00e9ritable portail sur l&rsquo;Egypte ancienne.<\/p>\n\n\n\n<p><a href=\"https:\/\/www.egypt.edu\/\">Egypt Edu<\/a>, un site proposant de nombreuses informations en relation avec l&rsquo;Egypte ancienne.<\/p>\n\n\n\n<p><a href=\"http:\/\/www.egyptology.com\/\">Egyptology.com<\/a>: nombreuses informations portant sur diff\u00e9rents th\u00e8mes.<\/p>\n\n\n\n<p><a href=\"https:\/\/gallica.bnf.fr\/accueil\/fr\/content\/accueil-fr?mode=desktop\">Gallica<\/a> (Biblioth\u00e8que nationale de France): documents num\u00e9ris\u00e9s, notamment sur \u00ab\u00a0La description de l&rsquo;Egypte\u00a0\u00bb.<\/p>\n","protected":false},"excerpt":{"rendered":"<p>Centres universitaires, soci\u00e9t\u00e9s acad\u00e9miques, mus\u00e9es Institut fran\u00e7ais d&rsquo;arch\u00e9ologie orientale du Caire: IFAO. Institut KHEOPS : Kheops \u00e9gyptologie vous propose des cours, des publications et un CD-Rom pour apprendre les hi\u00e9roglyphes. Site d\u00e9di\u00e9 aux recherches effectu\u00e9es \u00e0 Hierakonpolis. Waseda University Egyptian Expedition &#8211; Institute of Egyptology. Egypt Exploration Society. The American Research Center in Egypt &#8211; [&hellip;]<\/p>\n","protected":false},"author":1,"featured_media":0,"parent":0,"menu_order":0,"comment_status":"closed","ping_status":"closed","template":"","meta":{"footnotes":""},"class_list":["post-84","page","type-page","status-publish","hentry"],"_links":{"self":[{"href":"https:\/\/egyptologica.be\/index.php\/wp-json\/wp\/v2\/pages\/84","targetHints":{"allow":["GET"]}}],"collection":[{"href":"https:\/\/egyptologica.be\/index.php\/wp-json\/wp\/v2\/pages"}],"about":[{"href":"https:\/\/egyptologica.be\/index.php\/wp-json\/wp\/v2\/types\/page"}],"author":[{"embeddable":true,"href":"https:\/\/egyptologica.be\/index.php\/wp-json\/wp\/v2\/users\/1"}],"replies":[{"embeddable":true,"href":"https:\/\/egyptologica.be\/index.php\/wp-json\/wp\/v2\/comments?post=84"}],"version-history":[{"count":11,"href":"https:\/\/egyptologica.be\/index.php\/wp-json\/wp\/v2\/pages\/84\/revisions"}],"predecessor-version":[{"id":155,"href":"https:\/\/egyptologica.be\/index.php\/wp-json\/wp\/v2\/pages\/84\/revisions\/155"}],"wp:attachment":[{"href":"https:\/\/egyptologica.be\/index.php\/wp-json\/wp\/v2\/media?parent=84"}],"curies":[{"name":"wp","href":"https:\/\/api.w.org\/{rel}","templated":true}]}}