{"id":8,"date":"2024-03-21T22:12:13","date_gmt":"2024-03-21T21:12:13","guid":{"rendered":"https:\/\/egyptologica.be\/?page_id=8"},"modified":"2026-01-29T17:58:59","modified_gmt":"2026-01-29T16:58:59","slug":"conferences","status":"publish","type":"page","link":"https:\/\/egyptologica.be\/index.php\/conferences\/","title":{"rendered":"Conf\u00e9rences"},"content":{"rendered":"\n<figure class=\"wp-block-image size-full\"><img loading=\"lazy\" decoding=\"async\" width=\"955\" height=\"200\" src=\"https:\/\/egyptologica.be\/wp-content\/uploads\/2024\/03\/banner_thebes.jpg\" alt=\"\" class=\"wp-image-92\" srcset=\"https:\/\/egyptologica.be\/wp-content\/uploads\/2024\/03\/banner_thebes.jpg 955w, https:\/\/egyptologica.be\/wp-content\/uploads\/2024\/03\/banner_thebes-300x63.jpg 300w, https:\/\/egyptologica.be\/wp-content\/uploads\/2024\/03\/banner_thebes-768x161.jpg 768w, https:\/\/egyptologica.be\/wp-content\/uploads\/2024\/03\/banner_thebes-508x106.jpg 508w\" sizes=\"auto, (max-width: 955px) 100vw, 955px\" \/><\/figure>\n\n\n\n<figure class=\"wp-block-image size-large\"><img loading=\"lazy\" decoding=\"async\" width=\"791\" height=\"1024\" src=\"https:\/\/egyptologica.be\/wp-content\/uploads\/2026\/01\/WSP-Samedi-2025-2026-FLYER-791x1024.jpg\" alt=\"\" class=\"wp-image-513\" srcset=\"https:\/\/egyptologica.be\/wp-content\/uploads\/2026\/01\/WSP-Samedi-2025-2026-FLYER-791x1024.jpg 791w, https:\/\/egyptologica.be\/wp-content\/uploads\/2026\/01\/WSP-Samedi-2025-2026-FLYER-232x300.jpg 232w, https:\/\/egyptologica.be\/wp-content\/uploads\/2026\/01\/WSP-Samedi-2025-2026-FLYER-768x994.jpg 768w, https:\/\/egyptologica.be\/wp-content\/uploads\/2026\/01\/WSP-Samedi-2025-2026-FLYER-1187x1536.jpg 1187w, https:\/\/egyptologica.be\/wp-content\/uploads\/2026\/01\/WSP-Samedi-2025-2026-FLYER-1240x1605.jpg 1240w, https:\/\/egyptologica.be\/wp-content\/uploads\/2026\/01\/WSP-Samedi-2025-2026-FLYER-508x657.jpg 508w, https:\/\/egyptologica.be\/wp-content\/uploads\/2026\/01\/WSP-Samedi-2025-2026-FLYER.jpg 1275w\" sizes=\"auto, (max-width: 791px) 100vw, 791px\" \/><\/figure>\n\n\n\n<hr class=\"wp-block-separator has-alpha-channel-opacity\"\/>\n\n\n\n<p>Toutes nos conf\u00e9rences ont lieu <strong>sur place<\/strong> \u00e0 la Maison communale de Woluwe-Saint-Pierre (<a href=\"https:\/\/www.google.be\/maps\/place\/Centre+culturel+et+de+Congr\u00e8s+de+Woluwe-Saint-Pierre\/@50.836836,4.42637,474m\/data=!3m2!1e3!4b1!4m5!3m4!1s0x47c3db5c8ce35271:0x5d3ea5e1c0eec3be!8m2!3d50.8367809!4d4.4271412?hl=fr\" target=\"_blank\" rel=\"noreferrer noopener\">93, Av. Charles Thielemans, 1150 Bruxelles<\/a>), Centre Culturel et de Congr\u00e8s,&nbsp;niveau 1, salle Jean Capart.<br>Il est \u00e9galement possible de suivre chacune des activit\u00e9s&nbsp;suivant le mode&nbsp;<strong>Egyptologic\u2019\u00e0\u2026 distance<\/strong>&nbsp;(en ligne et en direct via SKYPE),&nbsp;sur base d\u2019une inscription pr\u00e9alable aupr\u00e8s de Florence Doyen &lt;<a href=\"mailto:Florence.Doyen@egyptologica.be\">florence.doyen@egyptologica.be<\/a>&gt;<\/p>\n","protected":false},"excerpt":{"rendered":"<p>Toutes nos conf\u00e9rences ont lieu sur place \u00e0 la Maison communale de Woluwe-Saint-Pierre (93, Av. Charles Thielemans, 1150 Bruxelles), Centre Culturel et de Congr\u00e8s,&nbsp;niveau 1, salle Jean Capart.Il est \u00e9galement possible de suivre chacune des activit\u00e9s&nbsp;suivant le mode&nbsp;Egyptologic\u2019\u00e0\u2026 distance&nbsp;(en ligne et en direct via SKYPE),&nbsp;sur base d\u2019une inscription pr\u00e9alable aupr\u00e8s de Florence Doyen &lt;florence.doyen@egyptologica.be&gt;<\/p>\n","protected":false},"author":1,"featured_media":0,"parent":0,"menu_order":0,"comment_status":"closed","ping_status":"closed","template":"","meta":{"footnotes":""},"class_list":["post-8","page","type-page","status-publish","hentry"],"_links":{"self":[{"href":"https:\/\/egyptologica.be\/index.php\/wp-json\/wp\/v2\/pages\/8","targetHints":{"allow":["GET"]}}],"collection":[{"href":"https:\/\/egyptologica.be\/index.php\/wp-json\/wp\/v2\/pages"}],"about":[{"href":"https:\/\/egyptologica.be\/index.php\/wp-json\/wp\/v2\/types\/page"}],"author":[{"embeddable":true,"href":"https:\/\/egyptologica.be\/index.php\/wp-json\/wp\/v2\/users\/1"}],"replies":[{"embeddable":true,"href":"https:\/\/egyptologica.be\/index.php\/wp-json\/wp\/v2\/comments?post=8"}],"version-history":[{"count":13,"href":"https:\/\/egyptologica.be\/index.php\/wp-json\/wp\/v2\/pages\/8\/revisions"}],"predecessor-version":[{"id":514,"href":"https:\/\/egyptologica.be\/index.php\/wp-json\/wp\/v2\/pages\/8\/revisions\/514"}],"wp:attachment":[{"href":"https:\/\/egyptologica.be\/index.php\/wp-json\/wp\/v2\/media?parent=8"}],"curies":[{"name":"wp","href":"https:\/\/api.w.org\/{rel}","templated":true}]}}