{"id":14,"date":"2024-03-21T22:12:13","date_gmt":"2024-03-21T21:12:13","guid":{"rendered":"https:\/\/egyptologica.be\/?page_id=14"},"modified":"2026-03-30T09:31:18","modified_gmt":"2026-03-30T07:31:18","slug":"bienvenue","status":"publish","type":"page","link":"https:\/\/egyptologica.be\/","title":{"rendered":"Bienvenue"},"content":{"rendered":"\n<div class=\"wp-block-columns is-layout-flex wp-container-core-columns-is-layout-9d6595d7 wp-block-columns-is-layout-flex\">\n<div class=\"wp-block-column is-layout-flow wp-block-column-is-layout-flow\" style=\"flex-basis:100%\"><div class=\"wp-block-image\">\n<figure class=\"aligncenter size-full is-resized\"><img loading=\"lazy\" decoding=\"async\" width=\"650\" height=\"492\" src=\"http:\/\/egyptologica.be\/wp-content\/uploads\/2024\/06\/logo_bleu.jpg\" alt=\"\" class=\"wp-image-222\" style=\"width:240px;height:auto\" srcset=\"https:\/\/egyptologica.be\/wp-content\/uploads\/2024\/06\/logo_bleu.jpg 650w, https:\/\/egyptologica.be\/wp-content\/uploads\/2024\/06\/logo_bleu-300x227.jpg 300w, https:\/\/egyptologica.be\/wp-content\/uploads\/2024\/06\/logo_bleu-508x385.jpg 508w\" sizes=\"auto, (max-width: 650px) 100vw, 650px\" \/><\/figure>\n<\/div><\/div>\n<\/div>\n\n\n\n<figure class=\"wp-block-image size-full\"><img loading=\"lazy\" decoding=\"async\" width=\"955\" height=\"200\" src=\"https:\/\/egyptologica.be\/wp-content\/uploads\/2024\/03\/banner_accueil.jpg\" alt=\"\" class=\"wp-image-90\" srcset=\"https:\/\/egyptologica.be\/wp-content\/uploads\/2024\/03\/banner_accueil.jpg 955w, https:\/\/egyptologica.be\/wp-content\/uploads\/2024\/03\/banner_accueil-300x63.jpg 300w, https:\/\/egyptologica.be\/wp-content\/uploads\/2024\/03\/banner_accueil-768x161.jpg 768w, https:\/\/egyptologica.be\/wp-content\/uploads\/2024\/03\/banner_accueil-508x106.jpg 508w\" sizes=\"auto, (max-width: 955px) 100vw, 955px\" \/><\/figure>\n\n\n\n<p>Cr\u00e9\u00e9e en 1987, Egyptologica regroupe des \u00e9gyptologues dipl\u00f4m\u00e9s de diverses universit\u00e9s belges et \u00e9trang\u00e8res. En dialogue avec le grand public, les chercheurs s&rsquo;attachent \u00e0 diffuser leurs connaissances de la civilisation \u00e9gyptienne au moyen de conf\u00e9rences, de visites, de cours dont ils assurent la conduite et garantissent la qualit\u00e9.<\/p>\n\n\n\n<p>Pour tout renseignement, information, inscription, merci de contacter Florence Doyen &lt;<a href=\"mailto:Florence.Doyen@egyptologica.be\">florence.doyen@egyptologica.be<\/a>&gt;.<\/p>\n\n\n\n<p class=\"has-text-align-center\">Suivez-nous  <\/p>\n\n\n<div class=\"wp-block-image\">\n<figure class=\"aligncenter size-full is-resized\"><a href=\"https:\/\/www.facebook.com\/people\/Egyptologica-asbl\/100064648721090\/\"><img loading=\"lazy\" decoding=\"async\" width=\"64\" height=\"64\" src=\"https:\/\/egyptologica.be\/wp-content\/uploads\/2024\/03\/Facebook_logo.png\" alt=\"\" class=\"wp-image-120\" style=\"width:44px;height:auto\"\/><\/a><\/figure>\n<\/div>\n\n\n<div style=\"height:18px\" aria-hidden=\"true\" class=\"wp-block-spacer\"><\/div>\n\n\n\n<h2 class=\"wp-block-heading\">Contact<\/h2>\n\n\n\n<p>Toutes nos conf\u00e9rences ont lieu <strong>sur place<\/strong> \u00e0 la Maison communale de Woluwe-Saint-Pierre, Centre Culturel et de Congr\u00e8s,&nbsp;niveau 1,<strong>&nbsp;<\/strong>salle Jean Capart.<br>Il est \u00e9galement possible de suivre chacune des activit\u00e9s&nbsp;suivant le mode&nbsp;<strong>Egyptologic\u2019\u00e0\u2026 distance<\/strong>&nbsp;(en ligne et en direct via Teams),&nbsp;sur base d\u2019une inscription pr\u00e9alable aupr\u00e8s de Florence Doyen &lt;<a href=\"mailto:Florence.Doyen@egyptologica.be\">florence.doyen@egyptologica.be<\/a>&gt;<\/p>\n\n\n\n<p><strong>Tarifs valables \u00e0 partir d&rsquo;octobre 2025<\/strong><br><strong>10,00 \u20ac<\/strong> pour les Membres d\u2019Egyptologica a.s.b.l., les S\u00e9niors et les habitants de Woluwe-Saint-Pierre<br><strong>15,00 \u20ac<\/strong> tarif plein<br><strong>5,00 \u20ac<\/strong> pour les \u00e9tudiants (sur pr\u00e9sentation d\u2019une carte valide pour l\u2019ann\u00e9e scolaire ou acad\u00e9mique en cours)<\/p>\n\n\n\n<hr class=\"wp-block-separator has-alpha-channel-opacity\"\/>\n\n\n\n<h2 class=\"wp-block-heading\">Programme 2025-26<\/h2>\n\n\n\n<p>Programme des Conf\u00e9rences et Journ\u00e9es de la saison en cours<br><a href=\"http:\/\/egyptologica.be\/wp-content\/uploads\/2025\/04\/Egyptologica-a.s.b.l.-SAISON-2025-2026-pour-WSPierre-Whalll.pdf\">PROGRAMME 25-26<\/a>.<br><\/p>\n\n\n\n<h2 class=\"wp-block-heading\">Bulletin printemps 2026<\/h2>\n\n\n\n<p>Voici le dernier bulletin. Vous y trouverez toutes les informations sur les activit\u00e9s, ainsi que les notes d&rsquo;Egyptologica: <a href=\"http:\/\/egyptologica.be\/wp-content\/uploads\/2026\/03\/Bull-188-printemps-2026.pdf\">BULLETIN<\/a>.<\/p>\n\n\n\n<h2 class=\"wp-block-heading\">Newsletter<\/h2>\n\n\n\n<p>La derni\u00e8re newsletter est disponible ici: <a href=\"http:\/\/egyptologica.be\/wp-content\/uploads\/2026\/02\/2026-03-Newsletter-Egyptologica-Mars-2026.pdf\">NEWSLETTER<\/a>.<\/p>\n\n\n\n<h2 class=\"wp-block-heading\">Activit\u00e9s en cours et \u00e0 venir<br><\/h2>\n\n\n\n<p>Le programme complet de nos activit\u00e9s est disponible dans les pages Conf\u00e9rences et Visites.<\/p>\n\n\n\n<p><\/p>\n\n\n\n<h5 class=\"wp-block-heading has-accent-background-color has-background\"><strong>SA 18.04.2026 \u00e0 14h<\/strong><\/h5>\n\n\n\n<p class=\"has-text-align-center\"><em><strong>Enqu\u00eate sur une rare statue f\u00e9minine \u00ab accroupie \u00bb, d\u2019\u00e9poque tardive<\/strong><\/em> <strong><em>(Chicago, Oriental Institute Museum, 14662)<\/em><\/strong><br><strong><br>Mme Marine Libert<\/strong><\/p>\n\n\n\n<h5 class=\"wp-block-heading has-accent-background-color has-background\"><strong>Les visites d&rsquo;Egyptologica<\/strong><\/h5>\n\n\n\n<p class=\"has-text-align-center\"><em><strong>\u00c9gypte pluri\u2019elles. L\u2019\u00c9gypte ancienne au f\u00e9minin<\/strong><\/em><\/p>\n\n\n\n<p class=\"has-text-align-center\">Exposition temporaire du 26 avril au 13 novembre 2026<br>Mus\u00e9e du Malgr\u00e9-Tout, Treignes<\/p>\n\n\n<div class=\"wp-block-image\">\n<figure class=\"aligncenter size-large\"><img loading=\"lazy\" decoding=\"async\" width=\"724\" height=\"1024\" src=\"https:\/\/egyptologica.be\/wp-content\/uploads\/2026\/03\/treignes-724x1024.jpg\" alt=\"\" class=\"wp-image-538\" srcset=\"https:\/\/egyptologica.be\/wp-content\/uploads\/2026\/03\/treignes-724x1024.jpg 724w, https:\/\/egyptologica.be\/wp-content\/uploads\/2026\/03\/treignes-212x300.jpg 212w, https:\/\/egyptologica.be\/wp-content\/uploads\/2026\/03\/treignes-768x1086.jpg 768w, https:\/\/egyptologica.be\/wp-content\/uploads\/2026\/03\/treignes-1086x1536.jpg 1086w, https:\/\/egyptologica.be\/wp-content\/uploads\/2026\/03\/treignes-1448x2048.jpg 1448w, https:\/\/egyptologica.be\/wp-content\/uploads\/2026\/03\/treignes-1240x1754.jpg 1240w, https:\/\/egyptologica.be\/wp-content\/uploads\/2026\/03\/treignes-508x718.jpg 508w, https:\/\/egyptologica.be\/wp-content\/uploads\/2026\/03\/treignes.jpg 1540w\" sizes=\"auto, (max-width: 724px) 100vw, 724px\" \/><\/figure>\n<\/div>\n\n\n<p class=\"has-text-align-left\">L\u2019exposition <em>\u00c9gypte pluri\u2019elles. L\u2019\u00c9gypte ancienne au f\u00e9minin<\/em> porte sur la soci\u00e9t\u00e9 \u00e9gyptienne au travers d\u2019un prisme f\u00e9minin, depuis les \u00e2ges pr\u00e9dynastiques jusqu\u2019\u00e0 la fin de l\u2019\u00e9poque gr\u00e9co-romaine. L\u2019approche se veut transversale : l\u2019exposition traitera des sph\u00e8res soci\u00e9tale, artistique, fun\u00e9raire, politique et religieuse de la plus ancienne civilisation de l\u2019Humanit\u00e9.<br>Longtemps per\u00e7ues sous l\u2019angle des seules figures de reines ou de d\u00e9esses, les&nbsp;femmes en \u00c9gypte ancienne remplissaient pourtant une multitude de r\u00f4les, \u00e0&nbsp;la crois\u00e9e du domestique, du sacr\u00e9, du politique et de l\u2019\u00e9conomique. Qu\u2019elles soient ma\u00eetresses de maison, artisanes, pr\u00eatresses, scribes ou souveraines, elles&nbsp;ont contribu\u00e9 pleinement \u00e0 la construction et au fonctionnement de la&nbsp;soci\u00e9t\u00e9 pharaonique.<br>Illustr\u00e9e par une centaine d\u2019\u0153uvres remarquables, \u00e9clairant l\u2019ensemble des cat\u00e9gories de sources arch\u00e9ologiques disponibles et provenant d\u2019institutions r\u00e9put\u00e9es, cette exposition explore l\u2019univers f\u00e9minin en \u00c9gypte ancienne. Elle&nbsp;r\u00e9v\u00e8le, au-del\u00e0 des clich\u00e9s, la diversit\u00e9 des statuts, des fonctions et des&nbsp;exp\u00e9riences v\u00e9cues par ces \u00ab \u00e9ternelles du Nil \u00bb. Le regard f\u00e9minin devient ici un prisme d\u2019analyse non pas marginal, mais essentiel, pour mieux comprendre cette civilisation fascinante et plurielle.<\/p>\n\n\n\n<p class=\"has-text-align-left\">Commissariat g\u00e9n\u00e9ral \u2013 Dorian Vanhulle<br>Pour lire la suite&nbsp;: https:\/\/museedumalgretout.be\/<\/p>\n\n\n\n<p><a href=\"http:\/\/egyptologica.be\/wp-content\/uploads\/2026\/03\/Flyer-Expo-Treignes-2026-Egypte-plurielles.-LEgypte-ancienne-au-feminin.pdf\">Flyer<\/a> exposition<\/p>\n\n\n\n<p><a href=\"http:\/\/egyptologica.be\/wp-content\/uploads\/2026\/03\/Visites-a-Treignes-Bull-188-printemps-2026.pdf\">Visites<\/a> d&rsquo;Egyptologica par Florence Doyen<\/p>\n\n\n\n<h5 class=\"wp-block-heading has-accent-background-color has-background\"><strong>SA 30.05.2026 \u00e0 15h<\/strong><\/h5>\n\n\n\n<p class=\"has-text-align-center\"><strong><em>Les pillages de la Vall\u00e9e des Rois.<\/em> <em>Cacher et retrouver les momies des grands pharaons<\/em><\/strong><\/p>\n\n\n\n<p class=\"has-text-align-center\"><strong>Mme Charlotte Lejeune<\/strong><\/p>\n\n\n\n<p><strong>! horaire exceptionnel ! <\/strong><\/p>\n\n\n\n<p>15h : Conf\u00e9rence pr\u00e9sent\u00e9e dans la salle Capart, et prononc\u00e9e par la conf\u00e9renci\u00e8re <em>en ligne<\/em>.<\/p>\n\n\n\n<hr class=\"wp-block-separator has-alpha-channel-opacity\"\/>\n\n\n\n<h2 class=\"wp-block-heading\">Devenir membre<\/h2>\n\n\n\n<p>Vous pouvez soutenir Egyptologica en devenant membre. <br>La cotisation annuelle est de 35\u20ac et vous donne droit \u00e0 des tarifs r\u00e9duits pour les activit\u00e9s.<\/p>\n\n\n\n<p class=\"has-text-align-center\"><a href=\"http:\/\/egyptologica.be\/wp-content\/uploads\/2024\/03\/bull_adhesion.pdf\">Bulletin d&rsquo;adh\u00e9sion<\/a><\/p>\n\n\n\n<p class=\"has-text-align-center\">Egyptologica ASBL<br>IBAN: BE72 0682 0738 4916<br>Communication: cot 2026<\/p>\n\n\n<div class=\"wp-block-image\">\n<figure class=\"aligncenter size-full is-resized\"><img loading=\"lazy\" decoding=\"async\" width=\"1280\" height=\"607\" src=\"https:\/\/egyptologica.be\/wp-content\/uploads\/2025\/11\/Egyptologica-cotisation-35E-en-2026.jpeg\" alt=\"\" class=\"wp-image-469\" style=\"width:422px;height:auto\" srcset=\"https:\/\/egyptologica.be\/wp-content\/uploads\/2025\/11\/Egyptologica-cotisation-35E-en-2026.jpeg 1280w, https:\/\/egyptologica.be\/wp-content\/uploads\/2025\/11\/Egyptologica-cotisation-35E-en-2026-300x142.jpeg 300w, https:\/\/egyptologica.be\/wp-content\/uploads\/2025\/11\/Egyptologica-cotisation-35E-en-2026-1024x486.jpeg 1024w, https:\/\/egyptologica.be\/wp-content\/uploads\/2025\/11\/Egyptologica-cotisation-35E-en-2026-768x364.jpeg 768w, https:\/\/egyptologica.be\/wp-content\/uploads\/2025\/11\/Egyptologica-cotisation-35E-en-2026-1240x588.jpeg 1240w, https:\/\/egyptologica.be\/wp-content\/uploads\/2025\/11\/Egyptologica-cotisation-35E-en-2026-508x241.jpeg 508w\" sizes=\"auto, (max-width: 1280px) 100vw, 1280px\" \/><\/figure>\n<\/div>\n\n\n<hr class=\"wp-block-separator has-alpha-channel-opacity\"\/>\n\n\n\n<h2 class=\"wp-block-heading\">Ouvrages r\u00e9cents<\/h2>\n\n\n\n<p>Nous vous pr\u00e9sentons ici des publications r\u00e9centes des \u00e9gyptologues qui participent \u00e0 Egyptologica. <\/p>\n\n\n\n<p class=\"has-text-align-left\"><em>Penser et repr\u00e9senter le monde. Les imags relatives \u00e0 la conception du monde dans l\u2019\u00c9gypte ancienne<\/em> <br>Marie-Astrid Calmettes<\/p>\n\n\n\n<figure class=\"wp-block-image size-full is-resized\"><img loading=\"lazy\" decoding=\"async\" width=\"332\" height=\"472\" src=\"http:\/\/egyptologica.be\/wp-content\/uploads\/2024\/03\/Calmettes_2024.jpg\" alt=\"\" class=\"wp-image-45\" style=\"width:208px;height:auto\" srcset=\"https:\/\/egyptologica.be\/wp-content\/uploads\/2024\/03\/Calmettes_2024.jpg 332w, https:\/\/egyptologica.be\/wp-content\/uploads\/2024\/03\/Calmettes_2024-211x300.jpg 211w\" sizes=\"auto, (max-width: 332px) 100vw, 332px\" \/><\/figure>\n\n\n\n<p><em>H\u00e9liopolis d\u2019\u00c9gypte. La Ville du Soleil<\/em><br>Sous la direction de Marie-C\u00e9cile Bruwier et Florence Doyen<\/p>\n\n\n\n<figure class=\"wp-block-image size-full\"><a href=\"https:\/\/www.safran.be\/proddetail.php?prod=CEA19\"><img loading=\"lazy\" decoding=\"async\" width=\"200\" height=\"284\" src=\"https:\/\/egyptologica.be\/wp-content\/uploads\/2024\/03\/livre_Heliopolis.jpg\" alt=\"\" class=\"wp-image-129\"\/><\/a><\/figure>\n\n\n\n<p><em>Sur le chemin du Mouseion d\u2019Alexandrie. \u00c9tudes offertes \u00e0 Marie-C\u00e9cile Bruwier<\/em>&nbsp;<br>Textes r\u00e9unis et \u00e9dit\u00e9s par Florence Doyen, Ren\u00e9 Preys et Arnaud Quertinmont<\/p>\n\n\n\n<figure class=\"wp-block-image size-full is-resized\"><a href=\"http:\/\/www.enim-egyptologie.fr\/?page=cahiers#\"><img loading=\"lazy\" decoding=\"async\" width=\"400\" height=\"559\" src=\"https:\/\/egyptologica.be\/wp-content\/uploads\/2024\/03\/livre_mouseion.jpg\" alt=\"\" class=\"wp-image-130\" style=\"width:204px;height:auto\" srcset=\"https:\/\/egyptologica.be\/wp-content\/uploads\/2024\/03\/livre_mouseion.jpg 400w, https:\/\/egyptologica.be\/wp-content\/uploads\/2024\/03\/livre_mouseion-215x300.jpg 215w\" sizes=\"auto, (max-width: 400px) 100vw, 400px\" \/><\/a><\/figure>\n\n\n\n<p><em>Jean Capart. Le Chroniqueur de l\u2019\u00c9gypte<\/em><br>Jean-Michel Bruffaerts<\/p>\n\n\n\n<figure class=\"wp-block-image size-full is-resized\"><a href=\"https:\/\/jeancapart.org\/jean-capart-le-chroniqueur-de-legypte\/\"><img loading=\"lazy\" decoding=\"async\" width=\"237\" height=\"300\" src=\"https:\/\/egyptologica.be\/wp-content\/uploads\/2024\/03\/livre_Capart.jpg\" alt=\"\" class=\"wp-image-137\" style=\"width:215px;height:auto\"\/><\/a><\/figure>\n\n\n\n<p><em>La porte d\u2019Amon. Le deuxi\u00e8me pyl\u00f4ne de Karnak I. \u00c9tudes et relev\u00e9 \u00e9pigraphique (Ka2Pyl nos 1-33)<\/em><br>Mich\u00e8le Broze, Ren\u00e9 Preys<\/p>\n\n\n\n<figure class=\"wp-block-image size-large is-resized\"><a href=\"https:\/\/www.ifao.egnet.net\/publications\/catalogue\/9782724707793\/\"><img loading=\"lazy\" decoding=\"async\" width=\"768\" height=\"1024\" src=\"https:\/\/egyptologica.be\/wp-content\/uploads\/2024\/03\/livre_Karnak-768x1024.jpg\" alt=\"\" class=\"wp-image-131\" style=\"width:218px;height:auto\" srcset=\"https:\/\/egyptologica.be\/wp-content\/uploads\/2024\/03\/livre_Karnak-768x1023.jpg 768w, https:\/\/egyptologica.be\/wp-content\/uploads\/2024\/03\/livre_Karnak-225x300.jpg 225w, https:\/\/egyptologica.be\/wp-content\/uploads\/2024\/03\/livre_Karnak-508x677.jpg 508w, https:\/\/egyptologica.be\/wp-content\/uploads\/2024\/03\/livre_Karnak.jpg 827w\" sizes=\"auto, (max-width: 768px) 100vw, 768px\" \/><\/a><\/figure>\n","protected":false},"excerpt":{"rendered":"<p>Cr\u00e9\u00e9e en 1987, Egyptologica regroupe des \u00e9gyptologues dipl\u00f4m\u00e9s de diverses universit\u00e9s belges et \u00e9trang\u00e8res. En dialogue avec le grand public, les chercheurs s&rsquo;attachent \u00e0 diffuser leurs connaissances de la civilisation \u00e9gyptienne au moyen de conf\u00e9rences, de visites, de cours dont ils assurent la conduite et garantissent la qualit\u00e9. Pour tout renseignement, information, inscription, merci de [&hellip;]<\/p>\n","protected":false},"author":1,"featured_media":0,"parent":0,"menu_order":0,"comment_status":"closed","ping_status":"closed","template":"","meta":{"footnotes":""},"class_list":["post-14","page","type-page","status-publish","hentry"],"_links":{"self":[{"href":"https:\/\/egyptologica.be\/index.php\/wp-json\/wp\/v2\/pages\/14","targetHints":{"allow":["GET"]}}],"collection":[{"href":"https:\/\/egyptologica.be\/index.php\/wp-json\/wp\/v2\/pages"}],"about":[{"href":"https:\/\/egyptologica.be\/index.php\/wp-json\/wp\/v2\/types\/page"}],"author":[{"embeddable":true,"href":"https:\/\/egyptologica.be\/index.php\/wp-json\/wp\/v2\/users\/1"}],"replies":[{"embeddable":true,"href":"https:\/\/egyptologica.be\/index.php\/wp-json\/wp\/v2\/comments?post=14"}],"version-history":[{"count":211,"href":"https:\/\/egyptologica.be\/index.php\/wp-json\/wp\/v2\/pages\/14\/revisions"}],"predecessor-version":[{"id":543,"href":"https:\/\/egyptologica.be\/index.php\/wp-json\/wp\/v2\/pages\/14\/revisions\/543"}],"wp:attachment":[{"href":"https:\/\/egyptologica.be\/index.php\/wp-json\/wp\/v2\/media?parent=14"}],"curies":[{"name":"wp","href":"https:\/\/api.w.org\/{rel}","templated":true}]}}